{"id":98078,"date":"2026-05-02T13:14:26","date_gmt":"2026-05-02T16:14:26","guid":{"rendered":"https:\/\/milibreria.net\/sitio-prueba\/producto\/la-fundacion-eva-peron-y-las-mujeres-entre-la-provocacion-y-la-inclusion\/"},"modified":"2026-05-02T13:14:26","modified_gmt":"2026-05-02T16:14:26","slug":"la-fundacion-eva-peron-y-las-mujeres-entre-la-provocacion-y-la-inclusion","status":"publish","type":"product","link":"https:\/\/milibreria.net\/sitio-prueba\/producto\/la-fundacion-eva-peron-y-las-mujeres-entre-la-provocacion-y-la-inclusion\/","title":{"rendered":"LA FUNDACI\u00d3N EVA PER\u00d3N Y LAS MUJERES. ENTRE LA PROVOCACI\u00d3N Y LA INCLUSI\u00d3N"},"content":{"rendered":"","protected":false},"excerpt":{"rendered":"","protected":false},"featured_media":98077,"template":"","meta":{"_kadence_starter_templates_imported_post":false,"_kad_post_transparent":"","_kad_post_title":"","_kad_post_layout":"","_kad_post_sidebar_id":"","_kad_post_content_style":"","_kad_post_vertical_padding":"","_kad_post_feature":"","_kad_post_feature_position":"","_kad_post_header":false,"_kad_post_footer":false,"_kad_post_classname":""},"product_brand":[],"product_cat":[1941],"product_tag":[],"autor":[],"class_list":{"0":"post-98078","1":"product","2":"type-product","3":"status-publish","4":"has-post-thumbnail","6":"product_cat-peronismo","8":"first","9":"instock","10":"purchasable","11":"product-type-simple","12":"entry","13":"content-bg","14":"loop-entry"},"_links":{"self":[{"href":"https:\/\/milibreria.net\/sitio-prueba\/wp-json\/wp\/v2\/product\/98078","targetHints":{"allow":["GET"]}}],"collection":[{"href":"https:\/\/milibreria.net\/sitio-prueba\/wp-json\/wp\/v2\/product"}],"about":[{"href":"https:\/\/milibreria.net\/sitio-prueba\/wp-json\/wp\/v2\/types\/product"}],"wp:featuredmedia":[{"embeddable":true,"href":"https:\/\/milibreria.net\/sitio-prueba\/wp-json\/wp\/v2\/media\/98077"}],"wp:attachment":[{"href":"https:\/\/milibreria.net\/sitio-prueba\/wp-json\/wp\/v2\/media?parent=98078"}],"wp:term":[{"taxonomy":"product_brand","embeddable":true,"href":"https:\/\/milibreria.net\/sitio-prueba\/wp-json\/wp\/v2\/product_brand?post=98078"},{"taxonomy":"product_cat","embeddable":true,"href":"https:\/\/milibreria.net\/sitio-prueba\/wp-json\/wp\/v2\/product_cat?post=98078"},{"taxonomy":"product_tag","embeddable":true,"href":"https:\/\/milibreria.net\/sitio-prueba\/wp-json\/wp\/v2\/product_tag?post=98078"},{"taxonomy":"autor","embeddable":true,"href":"https:\/\/milibreria.net\/sitio-prueba\/wp-json\/wp\/v2\/autor?post=98078"}],"curies":[{"name":"wp","href":"https:\/\/api.w.org\/{rel}","templated":true}]}}