{"id":98024,"date":"2026-05-02T13:14:08","date_gmt":"2026-05-02T16:14:08","guid":{"rendered":"https:\/\/milibreria.net\/sitio-prueba\/producto\/la-concepcion-pitagorica-del-numero-y-sus-proyecciones\/"},"modified":"2026-05-02T13:14:08","modified_gmt":"2026-05-02T16:14:08","slug":"la-concepcion-pitagorica-del-numero-y-sus-proyecciones","status":"publish","type":"product","link":"https:\/\/milibreria.net\/sitio-prueba\/producto\/la-concepcion-pitagorica-del-numero-y-sus-proyecciones\/","title":{"rendered":"LA CONCEPCI\u00d3N PITAG\u00d3RICA DEL N\u00daMERO Y SUS PROYECCIONES"},"content":{"rendered":"","protected":false},"excerpt":{"rendered":"","protected":false},"featured_media":98023,"template":"","meta":{"_kadence_starter_templates_imported_post":false,"_kad_post_transparent":"","_kad_post_title":"","_kad_post_layout":"","_kad_post_sidebar_id":"","_kad_post_content_style":"","_kad_post_vertical_padding":"","_kad_post_feature":"","_kad_post_feature_position":"","_kad_post_header":false,"_kad_post_footer":false,"_kad_post_classname":""},"product_brand":[],"product_cat":[1092],"product_tag":[],"autor":[],"class_list":{"0":"post-98024","1":"product","2":"type-product","3":"status-publish","4":"has-post-thumbnail","6":"product_cat-numerologia","8":"first","9":"instock","10":"purchasable","11":"product-type-simple","12":"entry","13":"content-bg","14":"loop-entry"},"_links":{"self":[{"href":"https:\/\/milibreria.net\/sitio-prueba\/wp-json\/wp\/v2\/product\/98024","targetHints":{"allow":["GET"]}}],"collection":[{"href":"https:\/\/milibreria.net\/sitio-prueba\/wp-json\/wp\/v2\/product"}],"about":[{"href":"https:\/\/milibreria.net\/sitio-prueba\/wp-json\/wp\/v2\/types\/product"}],"wp:featuredmedia":[{"embeddable":true,"href":"https:\/\/milibreria.net\/sitio-prueba\/wp-json\/wp\/v2\/media\/98023"}],"wp:attachment":[{"href":"https:\/\/milibreria.net\/sitio-prueba\/wp-json\/wp\/v2\/media?parent=98024"}],"wp:term":[{"taxonomy":"product_brand","embeddable":true,"href":"https:\/\/milibreria.net\/sitio-prueba\/wp-json\/wp\/v2\/product_brand?post=98024"},{"taxonomy":"product_cat","embeddable":true,"href":"https:\/\/milibreria.net\/sitio-prueba\/wp-json\/wp\/v2\/product_cat?post=98024"},{"taxonomy":"product_tag","embeddable":true,"href":"https:\/\/milibreria.net\/sitio-prueba\/wp-json\/wp\/v2\/product_tag?post=98024"},{"taxonomy":"autor","embeddable":true,"href":"https:\/\/milibreria.net\/sitio-prueba\/wp-json\/wp\/v2\/autor?post=98024"}],"curies":[{"name":"wp","href":"https:\/\/api.w.org\/{rel}","templated":true}]}}