{"id":25,"date":"2026-04-15T20:02:37","date_gmt":"2026-04-15T23:02:37","guid":{"rendered":"http:\/\/milibreria.net\/sitio-prueba\/?page_id=25"},"modified":"2026-04-29T19:48:58","modified_gmt":"2026-04-29T22:48:58","slug":"inico","status":"publish","type":"page","link":"https:\/\/milibreria.net\/sitio-prueba\/","title":{"rendered":"Inico"},"content":{"rendered":"<style>.kb-row-layout-id25_1f3ca4-d4 > .kt-row-column-wrap{align-content:start;}:where(.kb-row-layout-id25_1f3ca4-d4 > .kt-row-column-wrap) > .wp-block-kadence-column{justify-content:start;}.kb-row-layout-id25_1f3ca4-d4 > .kt-row-column-wrap{column-gap:var(--global-kb-gap-md, 2rem);row-gap:var(--global-kb-gap-md, 2rem);padding-top:var(--global-kb-spacing-sm, 1.5rem);padding-bottom:var(--global-kb-spacing-sm, 1.5rem);min-height:434px;grid-template-columns:minmax(0, 1fr);}.kb-row-layout-id25_1f3ca4-d4{background-image:url('http:\/\/milibreria.net\/sitio-prueba\/wp-content\/uploads\/2026\/04\/10.webp');background-size:cover;background-position:center center;background-attachment:scroll;background-repeat:no-repeat;}.kb-row-layout-id25_1f3ca4-d4 > .kt-row-layout-overlay{opacity:0.30;}@media all and (max-width: 1024px){.kb-row-layout-id25_1f3ca4-d4 > .kt-row-column-wrap{grid-template-columns:minmax(0, 1fr);}}@media all and (max-width: 767px){.kb-row-layout-id25_1f3ca4-d4 > .kt-row-column-wrap{grid-template-columns:minmax(0, 1fr);}}<\/style><div class=\"kb-row-layout-wrap kb-row-layout-id25_1f3ca4-d4 alignnone kt-row-has-bg wp-block-kadence-rowlayout\"><div class=\"kt-row-column-wrap kt-has-1-columns kt-row-layout-equal kt-tab-layout-inherit kt-mobile-layout-row kt-row-valign-top kt-inner-column-height-full\">\n<style>.kadence-column25_cd32be-f8 > .kt-inside-inner-col{display:flex;}.kadence-column25_cd32be-f8 > .kt-inside-inner-col,.kadence-column25_cd32be-f8 > .kt-inside-inner-col:before{border-top-left-radius:0px;border-top-right-radius:0px;border-bottom-right-radius:0px;border-bottom-left-radius:0px;}.kadence-column25_cd32be-f8 > .kt-inside-inner-col{column-gap:var(--global-kb-gap-sm, 1rem);}.kadence-column25_cd32be-f8 > .kt-inside-inner-col{flex-direction:column;justify-content:center;align-items:center;}.kadence-column25_cd32be-f8 > .kt-inside-inner-col > .kb-image-is-ratio-size{align-self:stretch;}.kadence-column25_cd32be-f8 > .kt-inside-inner-col > .wp-block-kadence-advancedgallery{align-self:stretch;}.kadence-column25_cd32be-f8 > .kt-inside-inner-col > .aligncenter{width:100%;}.kt-row-column-wrap > .kadence-column25_cd32be-f8{align-self:center;}.kt-inner-column-height-full:not(.kt-has-1-columns) > .wp-block-kadence-column.kadence-column25_cd32be-f8{align-self:auto;}.kt-inner-column-height-full:not(.kt-has-1-columns) > .wp-block-kadence-column.kadence-column25_cd32be-f8 > .kt-inside-inner-col{flex-direction:column;justify-content:center;}.kadence-column25_cd32be-f8 > .kt-inside-inner-col:before{opacity:0.3;}.kadence-column25_cd32be-f8{text-align:center;}.kadence-column25_cd32be-f8{position:relative;}@media all and (max-width: 1024px){.kt-row-column-wrap > .kadence-column25_cd32be-f8{align-self:center;}}@media all and (max-width: 1024px){.kt-inner-column-height-full:not(.kt-has-1-columns) > .wp-block-kadence-column.kadence-column25_cd32be-f8{align-self:auto;}}@media all and (max-width: 1024px){.kt-inner-column-height-full:not(.kt-has-1-columns) > .wp-block-kadence-column.kadence-column25_cd32be-f8 > .kt-inside-inner-col{flex-direction:column;justify-content:center;}}@media all and (max-width: 1024px){.kadence-column25_cd32be-f8 > .kt-inside-inner-col{flex-direction:column;justify-content:center;align-items:center;}}@media all and (max-width: 767px){.kt-row-column-wrap > .kadence-column25_cd32be-f8{align-self:center;}.kt-inner-column-height-full:not(.kt-has-1-columns) > .wp-block-kadence-column.kadence-column25_cd32be-f8{align-self:auto;}.kt-inner-column-height-full:not(.kt-has-1-columns) > .wp-block-kadence-column.kadence-column25_cd32be-f8 > .kt-inside-inner-col{flex-direction:column;justify-content:center;}.kadence-column25_cd32be-f8 > .kt-inside-inner-col{flex-direction:column;justify-content:center;align-items:center;}}<\/style>\n<div class=\"wp-block-kadence-column kadence-column25_cd32be-f8\"><div class=\"kt-inside-inner-col\"><style>.wp-block-kadence-advancedheading.kt-adv-heading25_f16639-82, .wp-block-kadence-advancedheading.kt-adv-heading25_f16639-82[data-kb-block=\"kb-adv-heading25_f16639-82\"]{max-width:333px;margin-right:auto;margin-left:auto;text-align:center;font-style:normal;color:#ffffff;background-color:rgba(42,39,39,0.35);border-top-left-radius:10px;border-top-right-radius:10px;border-bottom-right-radius:10px;border-bottom-left-radius:10px;}.wp-block-kadence-advancedheading.kt-adv-heading25_f16639-82 mark.kt-highlight, .wp-block-kadence-advancedheading.kt-adv-heading25_f16639-82[data-kb-block=\"kb-adv-heading25_f16639-82\"] mark.kt-highlight{font-style:normal;color:#f76a0c;-webkit-box-decoration-break:clone;box-decoration-break:clone;padding-top:0px;padding-right:0px;padding-bottom:0px;padding-left:0px;}.wp-block-kadence-advancedheading.kt-adv-heading25_f16639-82 img.kb-inline-image, .wp-block-kadence-advancedheading.kt-adv-heading25_f16639-82[data-kb-block=\"kb-adv-heading25_f16639-82\"] img.kb-inline-image{width:150px;vertical-align:baseline;}<\/style>\n<h1 class=\"kt-adv-heading25_f16639-82 wp-block-kadence-advancedheading\" data-kb-block=\"kb-adv-heading25_f16639-82\">Descubre el libro que estas buscando<\/h1>\n\n\n<style>.wp-block-kadence-advancedbtn.kb-btns25_2d2d8c-47{gap:var(--global-kb-gap-xs, 0.5rem );justify-content:center;align-items:center;}.kt-btns25_2d2d8c-47 .kt-button{font-weight:normal;font-style:normal;}.kt-btns25_2d2d8c-47 .kt-btn-wrap-0{margin-right:5px;}.wp-block-kadence-advancedbtn.kt-btns25_2d2d8c-47 .kt-btn-wrap-0 .kt-button{color:#555555;border-color:#555555;}.wp-block-kadence-advancedbtn.kt-btns25_2d2d8c-47 .kt-btn-wrap-0 .kt-button:hover, .wp-block-kadence-advancedbtn.kt-btns25_2d2d8c-47 .kt-btn-wrap-0 .kt-button:focus{color:#ffffff;border-color:#444444;}.wp-block-kadence-advancedbtn.kt-btns25_2d2d8c-47 .kt-btn-wrap-0 .kt-button::before{display:none;}.wp-block-kadence-advancedbtn.kt-btns25_2d2d8c-47 .kt-btn-wrap-0 .kt-button:hover, .wp-block-kadence-advancedbtn.kt-btns25_2d2d8c-47 .kt-btn-wrap-0 .kt-button:focus{background:#444444;}<\/style>\n<div class=\"wp-block-kadence-advancedbtn kb-buttons-wrap kb-btns25_2d2d8c-47\"><style>ul.menu .wp-block-kadence-advancedbtn .kb-btn25_430fa8-1f.kb-button{width:initial;}.wp-block-kadence-advancedbtn .kb-btn25_430fa8-1f.kb-button{font-size:var(--global-kb-font-size-md, 1.25rem);box-shadow:20px 20px 30px 0px rgba(0, 0, 0, 0.2);}<\/style><a class=\"kb-button kt-button button kb-btn25_430fa8-1f kt-btn-size-large kt-btn-width-type-auto kb-btn-global-fill  kt-btn-has-text-true kt-btn-has-svg-false  wp-block-kadence-singlebtn\" href=\"http:\/\/milibreria.net\/sitio-prueba\/tienda\/\"><span class=\"kt-btn-inner-text\">Ver Tienda<\/span><\/a><\/div>\n<\/div><\/div>\n\n<\/div><\/div>\n\n<style>.kb-row-layout-wrap.wp-block-kadence-rowlayout.kb-row-layout-id25_f7f8e0-68{margin-top:var(--global-kb-spacing-lg, 3rem);margin-bottom:var(--global-kb-spacing-lg, 3rem);}.kb-row-layout-id25_f7f8e0-68 > .kt-row-column-wrap{align-content:start;}:where(.kb-row-layout-id25_f7f8e0-68 > .kt-row-column-wrap) > .wp-block-kadence-column{justify-content:start;}.kb-row-layout-id25_f7f8e0-68 > .kt-row-column-wrap{column-gap:var(--global-kb-gap-md, 2rem);row-gap:var(--global-kb-gap-md, 2rem);max-width:var( --global-content-width, 1290px );padding-left:var(--global-content-edge-padding);padding-right:var(--global-content-edge-padding);padding-top:var(--global-kb-spacing-sm, 1.5rem);padding-bottom:var(--global-kb-spacing-sm, 1.5rem);grid-template-columns:minmax(0, 1fr);}.kb-row-layout-id25_f7f8e0-68 > .kt-row-layout-overlay{opacity:0.30;}@media all and (max-width: 1024px){.kb-row-layout-id25_f7f8e0-68 > .kt-row-column-wrap{grid-template-columns:minmax(0, 1fr);}}@media all and (max-width: 767px){.kb-row-layout-id25_f7f8e0-68 > .kt-row-column-wrap{grid-template-columns:minmax(0, 1fr);}}<\/style><div class=\"kb-row-layout-wrap kb-row-layout-id25_f7f8e0-68 alignnone wp-block-kadence-rowlayout\"><div class=\"kt-row-column-wrap kt-has-1-columns kt-row-layout-equal kt-tab-layout-inherit kt-mobile-layout-row kt-row-valign-top kb-theme-content-width\">\n<style>.kadence-column25_5d4d20-6a > .kt-inside-inner-col,.kadence-column25_5d4d20-6a > .kt-inside-inner-col:before{border-top-left-radius:0px;border-top-right-radius:0px;border-bottom-right-radius:0px;border-bottom-left-radius:0px;}.kadence-column25_5d4d20-6a > .kt-inside-inner-col{column-gap:var(--global-kb-gap-sm, 1rem);}.kadence-column25_5d4d20-6a > .kt-inside-inner-col{flex-direction:column;}.kadence-column25_5d4d20-6a > .kt-inside-inner-col > .aligncenter{width:100%;}.kadence-column25_5d4d20-6a > .kt-inside-inner-col:before{opacity:0.3;}.kadence-column25_5d4d20-6a{position:relative;}@media all and (max-width: 1024px){.kadence-column25_5d4d20-6a > .kt-inside-inner-col{flex-direction:column;justify-content:center;}}@media all and (max-width: 767px){.kadence-column25_5d4d20-6a > .kt-inside-inner-col{flex-direction:column;justify-content:center;}}<\/style>\n<div class=\"wp-block-kadence-column kadence-column25_5d4d20-6a\"><div class=\"kt-inside-inner-col\"><style>.wp-block-kadence-advancedheading.kt-adv-heading25_c74072-ec, .wp-block-kadence-advancedheading.kt-adv-heading25_c74072-ec[data-kb-block=\"kb-adv-heading25_c74072-ec\"]{text-align:center;font-style:normal;}.wp-block-kadence-advancedheading.kt-adv-heading25_c74072-ec mark.kt-highlight, .wp-block-kadence-advancedheading.kt-adv-heading25_c74072-ec[data-kb-block=\"kb-adv-heading25_c74072-ec\"] mark.kt-highlight{font-style:normal;color:#f76a0c;-webkit-box-decoration-break:clone;box-decoration-break:clone;padding-top:0px;padding-right:0px;padding-bottom:0px;padding-left:0px;}.wp-block-kadence-advancedheading.kt-adv-heading25_c74072-ec img.kb-inline-image, .wp-block-kadence-advancedheading.kt-adv-heading25_c74072-ec[data-kb-block=\"kb-adv-heading25_c74072-ec\"] img.kb-inline-image{width:150px;vertical-align:baseline;}<\/style>\n<h2 class=\"kt-adv-heading25_c74072-ec wp-block-kadence-advancedheading\" data-kb-block=\"kb-adv-heading25_c74072-ec\">Categor\u00edas<\/h2>\n\n\n<style>.wp-block-kadence-advancedheading.kt-adv-heading25_c08930-f4, .wp-block-kadence-advancedheading.kt-adv-heading25_c08930-f4[data-kb-block=\"kb-adv-heading25_c08930-f4\"]{margin-bottom:var(--global-kb-spacing-sm, 1.5rem);text-align:center;font-style:normal;}.wp-block-kadence-advancedheading.kt-adv-heading25_c08930-f4 mark.kt-highlight, .wp-block-kadence-advancedheading.kt-adv-heading25_c08930-f4[data-kb-block=\"kb-adv-heading25_c08930-f4\"] mark.kt-highlight{font-style:normal;color:#f76a0c;-webkit-box-decoration-break:clone;box-decoration-break:clone;padding-top:0px;padding-right:0px;padding-bottom:0px;padding-left:0px;}.wp-block-kadence-advancedheading.kt-adv-heading25_c08930-f4 img.kb-inline-image, .wp-block-kadence-advancedheading.kt-adv-heading25_c08930-f4[data-kb-block=\"kb-adv-heading25_c08930-f4\"] img.kb-inline-image{width:150px;vertical-align:baseline;}<\/style>\n<div class=\"kt-adv-heading25_c08930-f4 wp-block-kadence-advancedheading\" data-kb-block=\"kb-adv-heading25_c08930-f4\">Estas son las Categor\u00edas<\/div>\n<\/div><\/div>\n\n<\/div><\/div>\n\n<style>.kb-row-layout-wrap.wp-block-kadence-rowlayout.kb-row-layout-id25_01165c-b1{margin-top:var(--global-kb-spacing-lg, 3rem);margin-bottom:var(--global-kb-spacing-lg, 3rem);}.kb-row-layout-id25_01165c-b1 > .kt-row-column-wrap{align-content:start;}:where(.kb-row-layout-id25_01165c-b1 > .kt-row-column-wrap) > .wp-block-kadence-column{justify-content:start;}.kb-row-layout-id25_01165c-b1 > .kt-row-column-wrap{column-gap:var(--global-kb-gap-md, 2rem);row-gap:var(--global-kb-gap-md, 2rem);max-width:var( --global-content-width, 1290px );padding-left:var(--global-content-edge-padding);padding-right:var(--global-content-edge-padding);padding-top:var(--global-kb-spacing-sm, 1.5rem);padding-bottom:var(--global-kb-spacing-sm, 1.5rem);grid-template-columns:minmax(0, 1fr);}.kb-row-layout-id25_01165c-b1 > .kt-row-layout-overlay{opacity:0.30;}@media all and (max-width: 1024px){.kb-row-layout-id25_01165c-b1 > .kt-row-column-wrap{grid-template-columns:minmax(0, 1fr);}}@media all and (max-width: 767px){.kb-row-layout-id25_01165c-b1 > .kt-row-column-wrap{grid-template-columns:minmax(0, 1fr);}}<\/style><div class=\"kb-row-layout-wrap kb-row-layout-id25_01165c-b1 alignnone wp-block-kadence-rowlayout\"><div class=\"kt-row-column-wrap kt-has-1-columns kt-row-layout-equal kt-tab-layout-inherit kt-mobile-layout-row kt-row-valign-top kb-theme-content-width\">\n<style>.kadence-column25_55333f-aa > .kt-inside-inner-col,.kadence-column25_55333f-aa > .kt-inside-inner-col:before{border-top-left-radius:0px;border-top-right-radius:0px;border-bottom-right-radius:0px;border-bottom-left-radius:0px;}.kadence-column25_55333f-aa > .kt-inside-inner-col{column-gap:var(--global-kb-gap-sm, 1rem);}.kadence-column25_55333f-aa > .kt-inside-inner-col{flex-direction:column;}.kadence-column25_55333f-aa > .kt-inside-inner-col > .aligncenter{width:100%;}.kadence-column25_55333f-aa > .kt-inside-inner-col:before{opacity:0.3;}.kadence-column25_55333f-aa{position:relative;}@media all and (max-width: 1024px){.kadence-column25_55333f-aa > .kt-inside-inner-col{flex-direction:column;justify-content:center;}}@media all and (max-width: 767px){.kadence-column25_55333f-aa > .kt-inside-inner-col{flex-direction:column;justify-content:center;}}<\/style>\n<div class=\"wp-block-kadence-column kadence-column25_55333f-aa\"><div class=\"kt-inside-inner-col\"><style>.wp-block-kadence-advancedheading.kt-adv-heading25_067b6e-5d, .wp-block-kadence-advancedheading.kt-adv-heading25_067b6e-5d[data-kb-block=\"kb-adv-heading25_067b6e-5d\"]{text-align:center;font-style:normal;}.wp-block-kadence-advancedheading.kt-adv-heading25_067b6e-5d mark.kt-highlight, .wp-block-kadence-advancedheading.kt-adv-heading25_067b6e-5d[data-kb-block=\"kb-adv-heading25_067b6e-5d\"] mark.kt-highlight{font-style:normal;color:#f76a0c;-webkit-box-decoration-break:clone;box-decoration-break:clone;padding-top:0px;padding-right:0px;padding-bottom:0px;padding-left:0px;}.wp-block-kadence-advancedheading.kt-adv-heading25_067b6e-5d img.kb-inline-image, .wp-block-kadence-advancedheading.kt-adv-heading25_067b6e-5d[data-kb-block=\"kb-adv-heading25_067b6e-5d\"] img.kb-inline-image{width:150px;vertical-align:baseline;}<\/style>\n<h2 class=\"kt-adv-heading25_067b6e-5d wp-block-kadence-advancedheading\" data-kb-block=\"kb-adv-heading25_067b6e-5d\">Productos<\/h2>\n\n\n<style>.wp-block-kadence-advancedheading.kt-adv-heading25_efb441-90, .wp-block-kadence-advancedheading.kt-adv-heading25_efb441-90[data-kb-block=\"kb-adv-heading25_efb441-90\"]{margin-bottom:var(--global-kb-spacing-sm, 1.5rem);text-align:center;font-style:normal;}.wp-block-kadence-advancedheading.kt-adv-heading25_efb441-90 mark.kt-highlight, .wp-block-kadence-advancedheading.kt-adv-heading25_efb441-90[data-kb-block=\"kb-adv-heading25_efb441-90\"] mark.kt-highlight{font-style:normal;color:#f76a0c;-webkit-box-decoration-break:clone;box-decoration-break:clone;padding-top:0px;padding-right:0px;padding-bottom:0px;padding-left:0px;}.wp-block-kadence-advancedheading.kt-adv-heading25_efb441-90 img.kb-inline-image, .wp-block-kadence-advancedheading.kt-adv-heading25_efb441-90[data-kb-block=\"kb-adv-heading25_efb441-90\"] img.kb-inline-image{width:150px;vertical-align:baseline;}<\/style>\n<div class=\"kt-adv-heading25_efb441-90 wp-block-kadence-advancedheading\" data-kb-block=\"kb-adv-heading25_efb441-90\">Estas son las Categor\u00edas<\/div>\n\n\n<\/div><\/div>\n\n<\/div><\/div>\n\n<style>.kb-search25_2a5386-e1 .kb-search-input[type=\"text\"]{border-top:1px solid #dee2e6;border-right:1px solid #dee2e6;border-bottom:1px solid #dee2e6;border-left:1px solid #dee2e6;}.kb-search25_2a5386-e1 .kb-search-icon svg{fill:none;}.kb-search25_2a5386-e1:hover .kb-search-icon svg{fill:none;}.kb-search25_2a5386-e1 .kb-search-close-btn svg{fill:none;}.kb-search25_2a5386-e1 .kb-search-close-btn{font-size:50px;}.kb-search25_2a5386-e1 .kb-search-close-btn:hover svg{fill:none;}@media all and (max-width: 1024px){.kb-search25_2a5386-e1 .kb-search-input[type=\"text\"]{border-top:1px solid #dee2e6;border-right:1px solid #dee2e6;border-bottom:1px solid #dee2e6;border-left:1px solid #dee2e6;}}@media all and (max-width: 767px){.kb-search25_2a5386-e1 .kb-search-input[type=\"text\"]{border-top:1px solid #dee2e6;border-right:1px solid #dee2e6;border-bottom:1px solid #dee2e6;border-left:1px solid #dee2e6;}}<\/style><div class=\"kb-search kb-search25_2a5386-e1 wp-block-kadence-search\"><form class=\"kb-search-form\" role=\"search\" method=\"get\" action=\"https:\/\/milibreria.net\/sitio-prueba\/\"><div class=\"kb-search-input-wrapper\"><input name=\"s\" type=\"text\" class=\"kb-search-input\" placeholder=\"\" aria-label=\"Buscar\"><button type=\"submit\" class=\"kb-search-icon-submit\" aria-label=\"Buscar\"><span class=\"kb-search-icon\"><svg viewBox=\"0 0 24 24\"  fill=\"none\" stroke=\"currentColor\" stroke-width=\"2\" stroke-linecap=\"round\" stroke-linejoin=\"round\" xmlns=\"http:\/\/www.w3.org\/2000\/svg\"  role=\"img\"><circle cx=\"11\" cy=\"11\" r=\"8\"\/><line x1=\"21\" y1=\"21\" x2=\"16.65\" y2=\"16.65\"\/><\/svg><\/span><\/button><\/div><\/form><\/div>","protected":false},"excerpt":{"rendered":"<p>Descubre el libro que estas buscando Categor\u00edas Estas son las Categor\u00edas Productos Estas son las Categor\u00edas<\/p>\n","protected":false},"author":2,"featured_media":0,"parent":0,"menu_order":0,"comment_status":"closed","ping_status":"closed","template":"","meta":{"_kadence_starter_templates_imported_post":false,"_kad_post_transparent":"","_kad_post_title":"hide","_kad_post_layout":"fullwidth","_kad_post_sidebar_id":"","_kad_post_content_style":"unboxed","_kad_post_vertical_padding":"hide","_kad_post_feature":"","_kad_post_feature_position":"","_kad_post_header":false,"_kad_post_footer":false,"_kad_post_classname":"","footnotes":""},"class_list":["post-25","page","type-page","status-publish","hentry"],"_links":{"self":[{"href":"https:\/\/milibreria.net\/sitio-prueba\/wp-json\/wp\/v2\/pages\/25","targetHints":{"allow":["GET"]}}],"collection":[{"href":"https:\/\/milibreria.net\/sitio-prueba\/wp-json\/wp\/v2\/pages"}],"about":[{"href":"https:\/\/milibreria.net\/sitio-prueba\/wp-json\/wp\/v2\/types\/page"}],"author":[{"embeddable":true,"href":"https:\/\/milibreria.net\/sitio-prueba\/wp-json\/wp\/v2\/users\/2"}],"replies":[{"embeddable":true,"href":"https:\/\/milibreria.net\/sitio-prueba\/wp-json\/wp\/v2\/comments?post=25"}],"version-history":[{"count":18,"href":"https:\/\/milibreria.net\/sitio-prueba\/wp-json\/wp\/v2\/pages\/25\/revisions"}],"predecessor-version":[{"id":92287,"href":"https:\/\/milibreria.net\/sitio-prueba\/wp-json\/wp\/v2\/pages\/25\/revisions\/92287"}],"wp:attachment":[{"href":"https:\/\/milibreria.net\/sitio-prueba\/wp-json\/wp\/v2\/media?parent=25"}],"curies":[{"name":"wp","href":"https:\/\/api.w.org\/{rel}","templated":true}]}}